{"id":18379,"date":"2025-10-30T16:45:54","date_gmt":"2025-10-30T15:45:54","guid":{"rendered":"https:\/\/achil.com\/web\/?page_id=18379"},"modified":"2025-11-04T11:29:05","modified_gmt":"2025-11-04T10:29:05","slug":"parrainage","status":"publish","type":"page","link":"https:\/\/achil.com\/web\/parrainage\/","title":{"rendered":"Parrainage"},"content":{"rendered":"\t\t<div data-elementor-type=\"wp-page\" data-elementor-id=\"18379\" class=\"elementor elementor-18379\" data-elementor-post-type=\"page\">\n\t\t\t\t<div class=\"elementor-element elementor-element-ced5ed9 e-flex e-con-boxed e-con e-parent\" data-id=\"ced5ed9\" data-element_type=\"container\" data-e-type=\"container\">\n\t\t\t\t\t<div class=\"e-con-inner\">\n\t\t\t\t<div class=\"elementor-element elementor-element-39923eb elementor-widget elementor-widget-spacer\" data-id=\"39923eb\" data-element_type=\"widget\" data-e-type=\"widget\" data-widget_type=\"spacer.default\">\n\t\t\t\t\t\t\t<div class=\"elementor-spacer\">\n\t\t\t<div class=\"elementor-spacer-inner\"><\/div>\n\t\t<\/div>\n\t\t\t\t\t\t<\/div>\n\t\t\t\t<div class=\"elementor-element elementor-element-916e0af elementor-widget elementor-widget-heading\" data-id=\"916e0af\" data-element_type=\"widget\" data-e-type=\"widget\" data-widget_type=\"heading.default\">\n\t\t\t\t\t<h1 class=\"elementor-heading-title elementor-size-default\">Programme de parrainage Achil<\/h1>\t\t\t\t<\/div>\n\t\t\t\t<div class=\"elementor-element elementor-element-5d5ded3 elementor-widget elementor-widget-spacer\" data-id=\"5d5ded3\" data-element_type=\"widget\" data-e-type=\"widget\" data-widget_type=\"spacer.default\">\n\t\t\t\t\t\t\t<div class=\"elementor-spacer\">\n\t\t\t<div class=\"elementor-spacer-inner\"><\/div>\n\t\t<\/div>\n\t\t\t\t\t\t<\/div>\n\t\t<div class=\"elementor-element elementor-element-17725e5 e-con-full elementor-hidden-mobile e-flex e-con e-child\" data-id=\"17725e5\" data-element_type=\"container\" data-e-type=\"container\">\n\t\t<div class=\"elementor-element elementor-element-e159df3 e-con-full e-flex e-con e-child\" data-id=\"e159df3\" data-element_type=\"container\" data-e-type=\"container\">\n\t\t\t\t<div class=\"elementor-element elementor-element-334e1b7 elementor-widget elementor-widget-text-editor\" data-id=\"334e1b7\" data-element_type=\"widget\" data-e-type=\"widget\" data-widget_type=\"text-editor.default\">\n\t\t\t\t\t\t\t\t\t<p><strong data-start=\"681\" data-end=\"746\">Parrainez un commer\u00e7ant et recevez chacun jusqu\u2019\u00e0 40 \u20ac cash !<br \/><\/strong><br data-start=\"746\" data-end=\"749\" \/>Vous aimez Achil ? Faites-le d\u00e9couvrir autour de vous : d\u00e8s qu\u2019un nouveau commer\u00e7ant s\u2019inscrit, <strong data-start=\"847\" data-end=\"889\">vous et votre filleul \u00eates r\u00e9compens\u00e9s<\/strong> pour votre engagement dans la communaut\u00e9 Achil \ud83d\udc99.<\/p>\t\t\t\t\t\t\t\t<\/div>\n\t\t\t\t<div class=\"elementor-element elementor-element-08f16ea elementor-widget elementor-widget-text-editor\" data-id=\"08f16ea\" data-element_type=\"widget\" data-e-type=\"widget\" data-widget_type=\"text-editor.default\">\n\t\t\t\t\t\t\t\t\t<p>Chez <strong data-start=\"723\" data-end=\"732\">Achil<\/strong>, nous croyons au pouvoir du local.<br data-start=\"767\" data-end=\"770\" \/>Nous aidons les restaurants, artisans et producteurs locaux \u00e0 se digitaliser facilement gr\u00e2ce \u00e0 une solution de commande en ligne simple, sans engagement et 100 % pens\u00e9e pour eux.<br data-start=\"944\" data-end=\"947\" \/>Ensemble, faisons grandir la communaut\u00e9 Achil \ud83d\udcaa<\/p>\t\t\t\t\t\t\t\t<\/div>\n\t\t\t\t<\/div>\n\t\t<div class=\"elementor-element elementor-element-8197145 e-con-full e-flex e-con e-child\" data-id=\"8197145\" data-element_type=\"container\" data-e-type=\"container\">\n\t\t\t\t<div class=\"elementor-element elementor-element-251dfbd elementor-widget elementor-widget-image\" data-id=\"251dfbd\" data-element_type=\"widget\" data-e-type=\"widget\" data-widget_type=\"image.default\">\n\t\t\t\t\t\t\t\t\t\t\t\t\t\t\t<img fetchpriority=\"high\" decoding=\"async\" width=\"1024\" height=\"1024\" src=\"https:\/\/achil.com\/web\/wp-content\/uploads\/2025\/11\/visuel-ordi-tel.png\" class=\"attachment-full size-full wp-image-18527\" alt=\"\" srcset=\"https:\/\/achil.com\/web\/wp-content\/uploads\/2025\/11\/visuel-ordi-tel.png 1024w, https:\/\/achil.com\/web\/wp-content\/uploads\/2025\/11\/visuel-ordi-tel-300x300.png 300w, https:\/\/achil.com\/web\/wp-content\/uploads\/2025\/11\/visuel-ordi-tel-150x150.png 150w, https:\/\/achil.com\/web\/wp-content\/uploads\/2025\/11\/visuel-ordi-tel-768x768.png 768w\" sizes=\"(max-width: 1024px) 100vw, 1024px\" \/>\t\t\t\t\t\t\t\t\t\t\t\t\t\t\t<\/div>\n\t\t\t\t<\/div>\n\t\t\t\t<\/div>\n\t\t<div class=\"elementor-element elementor-element-9612941 e-con-full elementor-hidden-desktop elementor-hidden-tablet e-flex e-con e-child\" data-id=\"9612941\" data-element_type=\"container\" data-e-type=\"container\">\n\t\t<div class=\"elementor-element elementor-element-9019c74 e-con-full e-flex e-con e-child\" data-id=\"9019c74\" data-element_type=\"container\" data-e-type=\"container\">\n\t\t\t\t<div class=\"elementor-element elementor-element-3be34e7 elementor-widget elementor-widget-text-editor\" data-id=\"3be34e7\" data-element_type=\"widget\" data-e-type=\"widget\" data-widget_type=\"text-editor.default\">\n\t\t\t\t\t\t\t\t\t<p><strong data-start=\"681\" data-end=\"746\">Parrainez un commer\u00e7ant et recevez chacun jusqu\u2019\u00e0 40 \u20ac cash !<br \/><\/strong><br data-start=\"746\" data-end=\"749\" \/>Vous aimez Achil ? Faites-le d\u00e9couvrir autour de vous : d\u00e8s qu\u2019un nouveau commer\u00e7ant s\u2019inscrit, <strong data-start=\"847\" data-end=\"889\">vous et votre filleul \u00eates r\u00e9compens\u00e9s<\/strong> pour votre engagement dans la communaut\u00e9 Achil \ud83d\udc99.<\/p>\t\t\t\t\t\t\t\t<\/div>\n\t\t\t\t<div class=\"elementor-element elementor-element-ce4c0a7 elementor-widget elementor-widget-image\" data-id=\"ce4c0a7\" data-element_type=\"widget\" data-e-type=\"widget\" data-widget_type=\"image.default\">\n\t\t\t\t\t\t\t\t\t\t\t\t\t\t\t<img fetchpriority=\"high\" decoding=\"async\" width=\"1024\" height=\"1024\" src=\"https:\/\/achil.com\/web\/wp-content\/uploads\/2025\/11\/visuel-ordi-tel.png\" class=\"attachment-full size-full wp-image-18527\" alt=\"\" srcset=\"https:\/\/achil.com\/web\/wp-content\/uploads\/2025\/11\/visuel-ordi-tel.png 1024w, https:\/\/achil.com\/web\/wp-content\/uploads\/2025\/11\/visuel-ordi-tel-300x300.png 300w, https:\/\/achil.com\/web\/wp-content\/uploads\/2025\/11\/visuel-ordi-tel-150x150.png 150w, https:\/\/achil.com\/web\/wp-content\/uploads\/2025\/11\/visuel-ordi-tel-768x768.png 768w\" sizes=\"(max-width: 1024px) 100vw, 1024px\" \/>\t\t\t\t\t\t\t\t\t\t\t\t\t\t\t<\/div>\n\t\t\t\t<div class=\"elementor-element elementor-element-f768d2b elementor-widget elementor-widget-text-editor\" data-id=\"f768d2b\" data-element_type=\"widget\" data-e-type=\"widget\" data-widget_type=\"text-editor.default\">\n\t\t\t\t\t\t\t\t\t<p>Chez <strong data-start=\"723\" data-end=\"732\">Achil<\/strong>, nous croyons au pouvoir du local.<br data-start=\"767\" data-end=\"770\" \/>Nous aidons les restaurants, artisans et producteurs locaux \u00e0 se digitaliser facilement gr\u00e2ce \u00e0 une solution de commande en ligne simple, sans engagement et 100 % pens\u00e9e pour eux.<br data-start=\"944\" data-end=\"947\" \/>Ensemble, faisons grandir la communaut\u00e9 Achil \ud83d\udcaa<\/p>\t\t\t\t\t\t\t\t<\/div>\n\t\t\t\t<\/div>\n\t\t\t\t<\/div>\n\t\t\t\t<div class=\"elementor-element elementor-element-af8f733 elementor-widget elementor-widget-spacer\" data-id=\"af8f733\" data-element_type=\"widget\" data-e-type=\"widget\" data-widget_type=\"spacer.default\">\n\t\t\t\t\t\t\t<div class=\"elementor-spacer\">\n\t\t\t<div class=\"elementor-spacer-inner\"><\/div>\n\t\t<\/div>\n\t\t\t\t\t\t<\/div>\n\t\t\t\t<div class=\"elementor-element elementor-element-02b77b6 elementor-widget elementor-widget-heading\" data-id=\"02b77b6\" data-element_type=\"widget\" data-e-type=\"widget\" data-widget_type=\"heading.default\">\n\t\t\t\t\t<h2 class=\"elementor-heading-title elementor-size-default\">\ud83d\udca1 Comment \u00e7a marche ?<\/h2>\t\t\t\t<\/div>\n\t\t\t\t<div class=\"elementor-element elementor-element-2eb4c67 elementor-widget elementor-widget-text-editor\" data-id=\"2eb4c67\" data-element_type=\"widget\" data-e-type=\"widget\" data-widget_type=\"text-editor.default\">\n\t\t\t\t\t\t\t\t\t<ol><li data-start=\"587\" data-end=\"636\"><p data-start=\"590\" data-end=\"636\"><strong data-start=\"590\" data-end=\"615\">Invitez un commer\u00e7ant<\/strong> \u00e0 d\u00e9couvrir Achil.<\/p><\/li><li data-start=\"637\" data-end=\"751\"><p data-start=\"640\" data-end=\"751\"><strong data-start=\"640\" data-end=\"667\">Votre filleul s\u2019inscrit<\/strong> avec une formule Standard (mensuelle ou annuelle) et\/ou active le paiement en ligne.<\/p><\/li><li data-start=\"752\" data-end=\"863\"><p data-start=\"755\" data-end=\"863\"><strong data-start=\"755\" data-end=\"793\">Vous recevez chacun votre prime \ud83d\udcb6<\/strong> d\u00e8s la validation de son abonnement ou de son volume de transactions.<\/p><\/li><\/ol>\t\t\t\t\t\t\t\t<\/div>\n\t\t\t\t<div class=\"elementor-element elementor-element-cc872f9 elementor-widget elementor-widget-spacer\" data-id=\"cc872f9\" data-element_type=\"widget\" data-e-type=\"widget\" data-widget_type=\"spacer.default\">\n\t\t\t\t\t\t\t<div class=\"elementor-spacer\">\n\t\t\t<div class=\"elementor-spacer-inner\"><\/div>\n\t\t<\/div>\n\t\t\t\t\t\t<\/div>\n\t\t\t\t<div class=\"elementor-element elementor-element-93c3b64 elementor-widget elementor-widget-heading\" data-id=\"93c3b64\" data-element_type=\"widget\" data-e-type=\"widget\" data-widget_type=\"heading.default\">\n\t\t\t\t\t<h2 class=\"elementor-heading-title elementor-size-default\">\ud83c\udf81 Vos r\u00e9compenses ?<\/h2>\t\t\t\t<\/div>\n\t\t\t\t<div class=\"elementor-element elementor-element-7d36560 elementor-widget elementor-widget-html\" data-id=\"7d36560\" data-element_type=\"widget\" data-e-type=\"widget\" data-widget_type=\"html.default\">\n\t\t\t\t\t<table style=\"width:100%; border-collapse:collapse; font-family:Arial, sans-serif; text-align:center;\">\n  <thead>\n    <tr style=\"border-bottom:1px solid #ddd;\">\n      <th style=\"padding:12px;\">Offre choisie par le filleul<\/th>\n      <th style=\"padding:12px;\">Prime du parrain<\/th>\n      <th style=\"padding:12px;\">Prime du filleul<\/th>\n    <\/tr>\n  <\/thead>\n  <tbody>\n    <tr style=\"border-bottom:1px solid #eee;\">\n      <td style=\"padding:12px; vertical-align:middle;\">Formule Standard \u2013 <strong>Mensuelle<\/strong><\/td>\n      <td style=\"padding:12px; vertical-align:middle;\"><strong>10 \u20ac cash<\/strong><\/td>\n      <td style=\"padding:12px; vertical-align:middle;\"><strong>10 \u20ac cash<\/strong><\/td>\n    <\/tr>\n    <tr style=\"border-bottom:1px solid #eee;\">\n      <td style=\"padding:12px; vertical-align:middle;\">Formule Standard \u2013 <strong>Annuelle<\/strong><\/td>\n      <td style=\"padding:12px; vertical-align:middle;\"><strong>20 \u20ac cash<\/strong><\/td>\n      <td style=\"padding:12px; vertical-align:middle;\"><strong>20 \u20ac cash<\/strong><\/td>\n    <\/tr>\n    <tr style=\"border-bottom:1px solid #eee;\">\n      <td style=\"padding:12px; vertical-align:middle;\">\n        Paiement en ligne en <strong>Formule Free ou Standard \u2013 Mensuelle<\/strong>\n      <\/td>\n      <td style=\"padding:12px; vertical-align:middle;\">\n        <strong>20 \u20ac<\/strong><br>\n        <span style=\"font-size:14px; color:#555;\">apr\u00e8s 150 commandes pay\u00e9es<br>en ligne sous 180 jours<\/span>\n      <\/td>\n      <td style=\"padding:12px; vertical-align:middle;\">\n        <strong>20 \u20ac<\/strong><br>\n        <span style=\"font-size:14px; color:#555;\">apr\u00e8s 150 commandes pay\u00e9es<br>en ligne sous 180 jours<\/span>\n      <\/td>\n    <\/tr>\n    <tr>\n      <td style=\"padding:12px; vertical-align:middle;\">Paiement en ligne en <strong>Formule Standard \u2013 Annuelle<\/strong><\/td>\n      <td style=\"padding:12px; vertical-align:middle;\"><strong>20 \u20ac cash<\/strong><\/td>\n      <td style=\"padding:12px; vertical-align:middle;\"><strong>20 \u20ac cash<\/strong><\/td>\n    <\/tr>\n  <\/tbody>\n<\/table>\n\t\t\t\t<\/div>\n\t\t\t\t<div class=\"elementor-element elementor-element-54f8d5a elementor-widget elementor-widget-html\" data-id=\"54f8d5a\" data-element_type=\"widget\" data-e-type=\"widget\" data-widget_type=\"html.default\">\n\t\t\t\t\t<p style=\"text-align:center; margin-top:20px;\">\n  \ud83d\udca1 D\u00e9couvrez toutes nos formules et leurs avantages sur la page \n  <a href=\"https:\/\/achil.com\/web\/tarifs\" style=\"color:#7DB4C4; text-decoration:none; font-weight:bold;\">\n    Tarifs Achil\n  <\/a> \ud83d\udc99\n<\/p>\n\t\t\t\t<\/div>\n\t\t\t\t<div class=\"elementor-element elementor-element-0c1aca2 elementor-widget elementor-widget-spacer\" data-id=\"0c1aca2\" data-element_type=\"widget\" data-e-type=\"widget\" data-widget_type=\"spacer.default\">\n\t\t\t\t\t\t\t<div class=\"elementor-spacer\">\n\t\t\t<div class=\"elementor-spacer-inner\"><\/div>\n\t\t<\/div>\n\t\t\t\t\t\t<\/div>\n\t\t\t\t<div class=\"elementor-element elementor-element-a7aa808 elementor-widget elementor-widget-heading\" data-id=\"a7aa808\" data-element_type=\"widget\" data-e-type=\"widget\" data-widget_type=\"heading.default\">\n\t\t\t\t\t<h2 class=\"elementor-heading-title elementor-size-default\">\ud83d\udd52 Conditions simples<\/h2>\t\t\t\t<\/div>\n\t\t\t\t<div class=\"elementor-element elementor-element-7ec7523 elementor-widget elementor-widget-text-editor\" data-id=\"7ec7523\" data-element_type=\"widget\" data-e-type=\"widget\" data-widget_type=\"text-editor.default\">\n\t\t\t\t\t\t\t\t\t<ul><li data-start=\"334\" data-end=\"414\"><p data-start=\"336\" data-end=\"414\">Le filleul doit \u00eatre un <strong data-start=\"360\" data-end=\"382\">nouveau commer\u00e7ant<\/strong> (non d\u00e9j\u00e0 inscrit sur Achil).<\/p><\/li><li data-start=\"415\" data-end=\"603\"><p data-start=\"417\" data-end=\"603\">L\u2019adresse e-mail du <strong data-start=\"437\" data-end=\"448\">parrain<\/strong> doit obligatoirement \u00eatre renseign\u00e9e dans le champ <em data-start=\"500\" data-end=\"536\">\u00ab Comment nous avez-vous connu ? \u00bb<\/em> lors de l\u2019inscription du commer\u00e7ant, afin de valider les primes.<\/p><\/li><li data-start=\"604\" data-end=\"821\"><p data-start=\"606\" data-end=\"821\">Si le parrain correspond \u00e0 une personne figurant parmi les <strong data-start=\"665\" data-end=\"709\">responsables l\u00e9gaux, associ\u00e9s ou g\u00e9rants<\/strong> de l\u2019entreprise du filleul, aucune prime ne sera vers\u00e9e. <em data-start=\"767\" data-end=\"819\">(Le commer\u00e7ant ne peut donc pas s\u2019auto-parrainer.)<\/em><\/p><\/li><li data-start=\"822\" data-end=\"984\"><p data-start=\"824\" data-end=\"984\">Seules les formules et activations du paiement en ligne <strong data-start=\"880\" data-end=\"939\">souscrites le jour de l\u2019activation du compte commer\u00e7ant<\/strong> sont \u00e9ligibles au programme de parrainage.<\/p><\/li><li data-start=\"985\" data-end=\"1186\"><p data-start=\"987\" data-end=\"1186\">Le <strong data-start=\"990\" data-end=\"1013\">paiement des primes<\/strong> (parrain et filleul) intervient <strong data-start=\"1046\" data-end=\"1097\">par virement bancaire dans un d\u00e9lai de 30 jours<\/strong> apr\u00e8s validation de l\u2019abonnement ou du volume de transactions (selon le type d\u2019offre).<\/p><\/li><li data-start=\"1187\" data-end=\"1261\"><p data-start=\"1189\" data-end=\"1261\">Vous pouvez parrainer <strong data-start=\"1211\" data-end=\"1258\">autant de commer\u00e7ants que vous le souhaitez<\/strong>.<\/p><\/li><li data-start=\"1262\" data-end=\"1358\"><p data-start=\"1264\" data-end=\"1358\">Les <strong data-start=\"1268\" data-end=\"1294\">primes sont cumulables<\/strong> (ex. : Formule Standard \u2013 Annuelle + Paiement en ligne = 40 \u20ac).<\/p><\/li><\/ul>\t\t\t\t\t\t\t\t<\/div>\n\t\t\t\t<div class=\"elementor-element elementor-element-9f0362a elementor-widget elementor-widget-spacer\" data-id=\"9f0362a\" data-element_type=\"widget\" data-e-type=\"widget\" data-widget_type=\"spacer.default\">\n\t\t\t\t\t\t\t<div class=\"elementor-spacer\">\n\t\t\t<div class=\"elementor-spacer-inner\"><\/div>\n\t\t<\/div>\n\t\t\t\t\t\t<\/div>\n\t\t\t\t<div class=\"elementor-element elementor-element-b058e53 elementor-widget elementor-widget-heading\" data-id=\"b058e53\" data-element_type=\"widget\" data-e-type=\"widget\" data-widget_type=\"heading.default\">\n\t\t\t\t\t<h2 class=\"elementor-heading-title elementor-size-default\">\ud83d\ude80 Devenez ambassadeur Achil<\/h2>\t\t\t\t<\/div>\n\t\t\t\t<div class=\"elementor-element elementor-element-012d9fc elementor-widget elementor-widget-text-editor\" data-id=\"012d9fc\" data-element_type=\"widget\" data-e-type=\"widget\" data-widget_type=\"text-editor.default\">\n\t\t\t\t\t\t\t\t\t<p>Chaque nouveau commer\u00e7ant, c\u2019est une communaut\u00e9 locale plus forte et plus de visibilit\u00e9 pour tous.<\/p>\t\t\t\t\t\t\t\t<\/div>\n\t\t\t\t<div class=\"elementor-element elementor-element-4942eea elementor-widget elementor-widget-text-editor\" data-id=\"4942eea\" data-element_type=\"widget\" data-e-type=\"widget\" data-widget_type=\"text-editor.default\">\n\t\t\t\t\t\t\t\t\t<p><strong>\ud83d\udc49 Invitez d\u00e8s maintenant vos contacts \u00e0 rejoindre Achil et r\u00e9coltez vos r\u00e9compenses !<\/strong><\/p>\t\t\t\t\t\t\t\t<\/div>\n\t\t\t\t<div class=\"elementor-element elementor-element-6cac685 elementor-align-center elementor-widget elementor-widget-button\" data-id=\"6cac685\" data-element_type=\"widget\" data-e-type=\"widget\" data-widget_type=\"button.default\">\n\t\t\t\t\t\t\t\t\t\t<a class=\"elementor-button elementor-button-link elementor-size-sm\" href=\"#elementor-action%3Aaction%3Dpopup%3Aopen%26settings%3DeyJpZCI6IjE4NDEyIiwidG9nZ2xlIjpmYWxzZX0%3D\" target=\"_blank\">\n\t\t\t\t\t\t<span class=\"elementor-button-content-wrapper\">\n\t\t\t\t\t\t\t\t\t<span class=\"elementor-button-text\">J'envoie une invitation<\/span>\n\t\t\t\t\t<\/span>\n\t\t\t\t\t<\/a>\n\t\t\t\t\t\t\t\t<\/div>\n\t\t\t\t<div class=\"elementor-element elementor-element-592ea12 elementor-widget elementor-widget-spacer\" data-id=\"592ea12\" data-element_type=\"widget\" data-e-type=\"widget\" data-widget_type=\"spacer.default\">\n\t\t\t\t\t\t\t<div class=\"elementor-spacer\">\n\t\t\t<div class=\"elementor-spacer-inner\"><\/div>\n\t\t<\/div>\n\t\t\t\t\t\t<\/div>\n\t\t\t\t\t<\/div>\n\t\t\t\t<\/div>\n\t\t\t\t<\/div>\n\t\t","protected":false},"excerpt":{"rendered":"<p>Programme de parrainage Achil Parrainez un commer\u00e7ant et recevez chacun jusqu\u2019\u00e0 40 \u20ac cash !Vous aimez Achil ? Faites-le d\u00e9couvrir autour de vous : d\u00e8s qu\u2019un nouveau commer\u00e7ant s\u2019inscrit, vous et votre filleul \u00eates r\u00e9compens\u00e9s pour votre engagement dans la communaut\u00e9 Achil \ud83d\udc99. Chez Achil, nous croyons au pouvoir du local.Nous aidons les restaurants, artisans [&hellip;]<\/p>\n","protected":false},"author":1,"featured_media":0,"parent":0,"menu_order":0,"comment_status":"closed","ping_status":"closed","template":"","meta":{"footnotes":""},"categories":[],"tags":[],"class_list":["post-18379","page","type-page","status-publish","hentry"],"_links":{"self":[{"href":"https:\/\/achil.com\/web\/wp-json\/wp\/v2\/pages\/18379","targetHints":{"allow":["GET"]}}],"collection":[{"href":"https:\/\/achil.com\/web\/wp-json\/wp\/v2\/pages"}],"about":[{"href":"https:\/\/achil.com\/web\/wp-json\/wp\/v2\/types\/page"}],"author":[{"embeddable":true,"href":"https:\/\/achil.com\/web\/wp-json\/wp\/v2\/users\/1"}],"replies":[{"embeddable":true,"href":"https:\/\/achil.com\/web\/wp-json\/wp\/v2\/comments?post=18379"}],"version-history":[{"count":0,"href":"https:\/\/achil.com\/web\/wp-json\/wp\/v2\/pages\/18379\/revisions"}],"wp:attachment":[{"href":"https:\/\/achil.com\/web\/wp-json\/wp\/v2\/media?parent=18379"}],"wp:term":[{"taxonomy":"category","embeddable":true,"href":"https:\/\/achil.com\/web\/wp-json\/wp\/v2\/categories?post=18379"},{"taxonomy":"post_tag","embeddable":true,"href":"https:\/\/achil.com\/web\/wp-json\/wp\/v2\/tags?post=18379"}],"curies":[{"name":"wp","href":"https:\/\/api.w.org\/{rel}","templated":true}]}}