{"id":194,"date":"2024-09-13T16:42:23","date_gmt":"2024-09-13T14:42:23","guid":{"rendered":"https:\/\/achil.com\/web\/?page_id=194"},"modified":"2025-08-26T13:17:14","modified_gmt":"2025-08-26T11:17:14","slug":"mentions-legales","status":"publish","type":"page","link":"https:\/\/achil.com\/web\/mentions-legales\/","title":{"rendered":"Mentions L\u00e9gales"},"content":{"rendered":"\t\t<div data-elementor-type=\"wp-page\" data-elementor-id=\"194\" class=\"elementor elementor-194\" data-elementor-post-type=\"page\">\n\t\t\t\t<div class=\"elementor-element elementor-element-c2093ea e-flex e-con-boxed e-con e-parent\" data-id=\"c2093ea\" data-element_type=\"container\" data-e-type=\"container\">\n\t\t\t\t\t<div class=\"e-con-inner\">\n\t\t\t\t<div class=\"elementor-element elementor-element-4d2f7bb elementor-widget elementor-widget-spacer\" data-id=\"4d2f7bb\" data-element_type=\"widget\" data-e-type=\"widget\" data-widget_type=\"spacer.default\">\n\t\t\t\t\t\t\t<div class=\"elementor-spacer\">\n\t\t\t<div class=\"elementor-spacer-inner\"><\/div>\n\t\t<\/div>\n\t\t\t\t\t\t<\/div>\n\t\t\t\t<div class=\"elementor-element elementor-element-7eebdab elementor-widget elementor-widget-heading\" data-id=\"7eebdab\" data-element_type=\"widget\" data-e-type=\"widget\" data-widget_type=\"heading.default\">\n\t\t\t\t\t<h1 class=\"elementor-heading-title elementor-size-default\">MENTIONS L\u00c9GALES<\/h1>\t\t\t\t<\/div>\n\t\t\t\t\t<\/div>\n\t\t\t\t<\/div>\n\t\t<div class=\"elementor-element elementor-element-da75359 e-flex e-con-boxed e-con e-parent\" data-id=\"da75359\" data-element_type=\"container\" data-e-type=\"container\">\n\t\t\t\t\t<div class=\"e-con-inner\">\n\t\t\t\t<div class=\"elementor-element elementor-element-dea9646 elementor-widget elementor-widget-spacer\" data-id=\"dea9646\" data-element_type=\"widget\" data-e-type=\"widget\" data-widget_type=\"spacer.default\">\n\t\t\t\t\t\t\t<div class=\"elementor-spacer\">\n\t\t\t<div class=\"elementor-spacer-inner\"><\/div>\n\t\t<\/div>\n\t\t\t\t\t\t<\/div>\n\t\t\t\t<div class=\"elementor-element elementor-element-af27fcc elementor-widget elementor-widget-text-editor\" data-id=\"af27fcc\" data-element_type=\"widget\" data-e-type=\"widget\" data-widget_type=\"text-editor.default\">\n\t\t\t\t\t\t\t\t\t<p class=\"p1\">\u00c9diteur:<\/p><p class=\"p1\">La soci\u00e9t\u00e9 ACHIL, soci\u00e9t\u00e9 par actions simplifi\u00e9e au capital social de 92 500\u20ac, immatricul\u00e9e au Registre du Commerce et des Soci\u00e9t\u00e9s de Besan\u00e7on sous le num\u00e9ro 889 430 765, dont le si\u00e8ge social est situ\u00e9 au 3 Les Vinottes &#8211; 25500 Morteau.<\/p><p class=\"p1\">Email : <strong><a href=\"mailto:contact@achil.com\">contact@achil.com<\/a><\/strong><\/p><p class=\"p1\">H\u00e9bergeur :<\/p><p class=\"p1\">La soci\u00e9t\u00e9 AMAZON WEB SERVICES EMEA, soci\u00e9t\u00e9 \u00e0 responsabilit\u00e9 limit\u00e9e au capital social de 25 000\u20ac, immatricul\u00e9e au Registre du Commerce et des Soci\u00e9t\u00e9s de Nanterre sous le num\u00e9ro 831 001 334 dont le si\u00e8ge social est situ\u00e9 au 38 Av. John F. Kennedy &#8211; 1855 Luxembourg.<\/p><p class=\"p1\">Email : <strong><a href=\"mailto:aws@amazon.com\">aws@amazon.com<\/a><\/strong><\/p>\t\t\t\t\t\t\t\t<\/div>\n\t\t\t\t\t<\/div>\n\t\t\t\t<\/div>\n\t\t<div class=\"elementor-element elementor-element-acce45e e-flex e-con-boxed e-con e-parent\" data-id=\"acce45e\" data-element_type=\"container\" data-e-type=\"container\">\n\t\t\t\t\t<div class=\"e-con-inner\">\n\t\t\t\t<div class=\"elementor-element elementor-element-601e766 elementor-widget elementor-widget-spacer\" data-id=\"601e766\" data-element_type=\"widget\" data-e-type=\"widget\" data-widget_type=\"spacer.default\">\n\t\t\t\t\t\t\t<div class=\"elementor-spacer\">\n\t\t\t<div class=\"elementor-spacer-inner\"><\/div>\n\t\t<\/div>\n\t\t\t\t\t\t<\/div>\n\t\t\t\t\t<\/div>\n\t\t\t\t<\/div>\n\t\t\t\t<\/div>\n\t\t","protected":false},"excerpt":{"rendered":"<p>MENTIONS L\u00c9GALES \u00c9diteur: La soci\u00e9t\u00e9 ACHIL, soci\u00e9t\u00e9 par actions simplifi\u00e9e au capital social de 92 500\u20ac, immatricul\u00e9e au Registre du Commerce et des Soci\u00e9t\u00e9s de Besan\u00e7on sous le num\u00e9ro 889 430 765, dont le si\u00e8ge social est situ\u00e9 au 3 Les Vinottes &#8211; 25500 Morteau. Email : contact@achil.com H\u00e9bergeur : La soci\u00e9t\u00e9 AMAZON WEB SERVICES [&hellip;]<\/p>\n","protected":false},"author":1,"featured_media":0,"parent":0,"menu_order":0,"comment_status":"closed","ping_status":"closed","template":"","meta":{"footnotes":""},"categories":[],"tags":[],"class_list":["post-194","page","type-page","status-publish","hentry"],"_links":{"self":[{"href":"https:\/\/achil.com\/web\/wp-json\/wp\/v2\/pages\/194","targetHints":{"allow":["GET"]}}],"collection":[{"href":"https:\/\/achil.com\/web\/wp-json\/wp\/v2\/pages"}],"about":[{"href":"https:\/\/achil.com\/web\/wp-json\/wp\/v2\/types\/page"}],"author":[{"embeddable":true,"href":"https:\/\/achil.com\/web\/wp-json\/wp\/v2\/users\/1"}],"replies":[{"embeddable":true,"href":"https:\/\/achil.com\/web\/wp-json\/wp\/v2\/comments?post=194"}],"version-history":[{"count":0,"href":"https:\/\/achil.com\/web\/wp-json\/wp\/v2\/pages\/194\/revisions"}],"wp:attachment":[{"href":"https:\/\/achil.com\/web\/wp-json\/wp\/v2\/media?parent=194"}],"wp:term":[{"taxonomy":"category","embeddable":true,"href":"https:\/\/achil.com\/web\/wp-json\/wp\/v2\/categories?post=194"},{"taxonomy":"post_tag","embeddable":true,"href":"https:\/\/achil.com\/web\/wp-json\/wp\/v2\/tags?post=194"}],"curies":[{"name":"wp","href":"https:\/\/api.w.org\/{rel}","templated":true}]}}